{"id":29,"date":"2010-06-30T00:00:40","date_gmt":"2010-06-29T22:00:40","guid":{"rendered":"http:\/\/localhost\/?page_id=2"},"modified":"2021-05-20T06:37:25","modified_gmt":"2021-05-20T06:37:25","slug":"om","status":"publish","type":"page","link":"https:\/\/danny.janlov.se\/?page_id=29","title":{"rendered":"Om"},"content":{"rendered":"<p><a href=\"https:\/\/danny.janlov.se\/wp-content\/uploads\/2010\/06\/20100515-001-2.jpg\"><img decoding=\"async\" loading=\"lazy\" class=\"alignleft size-medium wp-image-15\" title=\"danny\" alt=\"Danny Janl\u00f6v\" src=\"https:\/\/danny.janlov.se\/wp-content\/uploads\/2010\/06\/20100515-001-2-300x300.jpg\" width=\"300\" height=\"300\"><\/a><br \/>\nHej, mitt namn \u00e4r Danny Janl\u00f6v och jag <a title=\"linkedin\" href=\"https:\/\/se.linkedin.com\/in\/djanlov\" target=\"_blank\" rel=\"noopener\">jobbar<\/a> som systemutvecklare. Arbetar prim\u00e4rt med utveckling i C#, SqlServer och <a href=\"https:\/\/www.jeeves.se\" target=\"_blank\" rel=\"noopener\">Jeeves<\/a>.<\/p>\n<p>Brinner f\u00f6r att utveckla applikationer som f\u00f6r verksamheten fram\u00e5t och reducerar antal redundanta \/ monotona uppgifter och f\u00f6rb\u00e4ttrar den totala kvaliteten p\u00e5 tj\u00e4nsterna. S\u00e4rskilt intresserad av ERP, webservices och relationsdatabas design med SqlServer och MySQL.<\/p>\n<p>Tycker s\u00e4rskilt mycket om integrationsprojekt d\u00e4r man samverkar n\u00e4ra med kunder och leverant\u00f6rer med hj\u00e4lp av EDI \/ XML.<\/p>\n<p>P\u00e5 min fritid syssels\u00e4tter jag mig med att <a title=\"Min flickr-sida\" href=\"https:\/\/flickr.com\/djanlov\/\" target=\"_blank\" rel=\"noopener\">fotografera<\/a>, fixa i hemmet och s\u00e4llskapsdansa. Tycker \u00e4ven om att l\u00e4sa en del s\u00e5 det blir en v\u00e4nda om bokhandeln eller tv\u00e5 i m\u00e5naden och d\u00e5 \u00e4r det fr\u00e4mst facklitteratur som lockar.<\/p>\n<p>Med v\u00e4nliga h\u00e4lsningar,<br \/>\nDanny Janl\u00f6v<\/p>\n","protected":false},"excerpt":{"rendered":"<p>Hej, mitt namn \u00e4r Danny Janl\u00f6v och jag jobbar som systemutvecklare. Arbetar prim\u00e4rt med utveckling i C#, SqlServer och Jeeves. Brinner f\u00f6r att utveckla applikationer som f\u00f6r verksamheten fram\u00e5t och reducerar antal redundanta \/ monotona uppgifter och f\u00f6rb\u00e4ttrar den totala &hellip; <a href=\"https:\/\/danny.janlov.se\/?page_id=29\">L\u00e4s mer <span class=\"meta-nav\">&rarr;<\/span><\/a><\/p>\n","protected":false},"author":1,"featured_media":0,"parent":0,"menu_order":0,"comment_status":"open","ping_status":"open","template":"","meta":{"jetpack_post_was_ever_published":false},"jetpack_sharing_enabled":true,"jetpack_shortlink":"https:\/\/wp.me\/PYHHf-t","_links":{"self":[{"href":"https:\/\/danny.janlov.se\/index.php?rest_route=\/wp\/v2\/pages\/29"}],"collection":[{"href":"https:\/\/danny.janlov.se\/index.php?rest_route=\/wp\/v2\/pages"}],"about":[{"href":"https:\/\/danny.janlov.se\/index.php?rest_route=\/wp\/v2\/types\/page"}],"author":[{"embeddable":true,"href":"https:\/\/danny.janlov.se\/index.php?rest_route=\/wp\/v2\/users\/1"}],"replies":[{"embeddable":true,"href":"https:\/\/danny.janlov.se\/index.php?rest_route=%2Fwp%2Fv2%2Fcomments&post=29"}],"version-history":[{"count":4,"href":"https:\/\/danny.janlov.se\/index.php?rest_route=\/wp\/v2\/pages\/29\/revisions"}],"predecessor-version":[{"id":327,"href":"https:\/\/danny.janlov.se\/index.php?rest_route=\/wp\/v2\/pages\/29\/revisions\/327"}],"wp:attachment":[{"href":"https:\/\/danny.janlov.se\/index.php?rest_route=%2Fwp%2Fv2%2Fmedia&parent=29"}],"curies":[{"name":"wp","href":"https:\/\/api.w.org\/{rel}","templated":true}]}}